{"id":1103,"date":"2025-07-08T13:46:42","date_gmt":"2025-07-08T19:46:42","guid":{"rendered":"https:\/\/mexaepicstore.webtotal.com.mx\/?post_type=product&#038;p=1103"},"modified":"2025-07-26T20:21:45","modified_gmt":"2025-07-27T02:21:45","slug":"pokedots-airpods-caja-sorpresa","status":"publish","type":"product","link":"https:\/\/mexaepicstore.webtotal.com.mx\/?product=pokedots-airpods-caja-sorpresa","title":{"rendered":"PokeDots &#8211; Airpods Pokebola Caja Sorpresa"},"content":{"rendered":"<p data-start=\"130\" data-end=\"179\"><strong data-start=\"130\" data-end=\"174\">\u00a1Atr\u00e1palos ahora antes de que se agoten!<\/strong><\/p>\n<p data-start=\"181\" data-end=\"429\">Descubre los <strong data-start=\"194\" data-end=\"206\">PokeDots<\/strong>, los auriculares edici\u00f3n limitada que todo verdadero fan de Pok\u00e9mon debe tener. Con un dise\u00f1o \u00fanico inspirado en la Pok\u00e9bola, tu estuche de carga se convierte en el accesorio perfecto para llevar tu pasi\u00f3n a donde vayas.<\/p>\n<p data-start=\"431\" data-end=\"796\">Siente la diferencia con un sonido envolvente y <strong data-start=\"479\" data-end=\"497\">bajos potentes<\/strong> que har\u00e1n que tu m\u00fasica y tus batallas favoritas cobren vida. Los PokeDots son <strong data-start=\"577\" data-end=\"586\">touch<\/strong>, f\u00e1ciles de controlar con un solo toque, y est\u00e1n dise\u00f1ados para acompa\u00f1arte en cada entrenamiento gracias a su resistencia al sudor. Perfectos para correr, entrenar o relajarte viendo tus cap\u00edtulos de anime.<\/p>\n<p data-start=\"798\" data-end=\"966\">No solo son auriculares, son un <strong data-start=\"830\" data-end=\"855\">s\u00edmbolo de tu afici\u00f3n<\/strong>. Imagina abrir tu Pok\u00e9bola y encontrar la energ\u00eda para tu d\u00eda\u2026 eso es lo que sentir\u00e1s cada vez que los uses.<\/p>\n<p data-start=\"968\" data-end=\"1095\"><strong data-start=\"971\" data-end=\"991\">Edici\u00f3n limitada<\/strong>: cuando se terminen, no volver\u00e1n. \u00bfEst\u00e1s listo para llevar tu experiencia Pok\u00e9mon al siguiente nivel?<\/p>\n<p data-start=\"1097\" data-end=\"1162\" data-is-last-node=\"\" data-is-only-node=\"\"><strong data-start=\"1097\" data-end=\"1162\" data-is-last-node=\"\">Hazlos tuyos hoy y entrena como un aut\u00e9ntico Maestro Pok\u00e9mon.<\/strong><\/p>\n","protected":false},"excerpt":{"rendered":"<p data-start=\"130\" data-end=\"179\"><strong data-start=\"130\" data-end=\"174\">\u00a1Atr\u00e1palos ahora antes de que se agoten!<\/strong><\/p>\n<p data-start=\"181\" data-end=\"429\">Descubre los <strong data-start=\"194\" data-end=\"206\">PokeDots<\/strong>, los auriculares edici\u00f3n limitada que todo verdadero fan de Pok\u00e9mon debe tener. Con un dise\u00f1o \u00fanico inspirado en la Pok\u00e9bola, tu estuche de carga se convierte en el accesorio perfecto para llevar tu pasi\u00f3n a donde vayas.<\/p>\n","protected":false},"featured_media":1104,"comment_status":"open","ping_status":"closed","template":"","meta":{"_glsr_average":0,"_glsr_ranking":0,"_glsr_reviews":0},"product_brand":[],"product_cat":[182],"product_tag":[184,188,186,187,183,185],"class_list":{"0":"post-1103","1":"product","2":"type-product","3":"status-publish","4":"has-post-thumbnail","6":"product_cat-anime","7":"product_tag-airpods-pokemon","8":"product_tag-audifonos-pikachu","9":"product_tag-audifonos-pokebola","10":"product_tag-pokebola","11":"product_tag-pokedots","12":"product_tag-pokemon","14":"first","15":"instock","16":"sale","17":"shipping-taxable","18":"purchasable","19":"product-type-simple","20":"add-to-wishlist-after_add_to_cart"},"jetpack_sharing_enabled":true,"_links":{"self":[{"href":"https:\/\/mexaepicstore.webtotal.com.mx\/index.php?rest_route=\/wp\/v2\/product\/1103","targetHints":{"allow":["GET"]}}],"collection":[{"href":"https:\/\/mexaepicstore.webtotal.com.mx\/index.php?rest_route=\/wp\/v2\/product"}],"about":[{"href":"https:\/\/mexaepicstore.webtotal.com.mx\/index.php?rest_route=\/wp\/v2\/types\/product"}],"replies":[{"embeddable":true,"href":"https:\/\/mexaepicstore.webtotal.com.mx\/index.php?rest_route=%2Fwp%2Fv2%2Fcomments&post=1103"}],"wp:featuredmedia":[{"embeddable":true,"href":"https:\/\/mexaepicstore.webtotal.com.mx\/index.php?rest_route=\/wp\/v2\/media\/1104"}],"wp:attachment":[{"href":"https:\/\/mexaepicstore.webtotal.com.mx\/index.php?rest_route=%2Fwp%2Fv2%2Fmedia&parent=1103"}],"wp:term":[{"taxonomy":"product_brand","embeddable":true,"href":"https:\/\/mexaepicstore.webtotal.com.mx\/index.php?rest_route=%2Fwp%2Fv2%2Fproduct_brand&post=1103"},{"taxonomy":"product_cat","embeddable":true,"href":"https:\/\/mexaepicstore.webtotal.com.mx\/index.php?rest_route=%2Fwp%2Fv2%2Fproduct_cat&post=1103"},{"taxonomy":"product_tag","embeddable":true,"href":"https:\/\/mexaepicstore.webtotal.com.mx\/index.php?rest_route=%2Fwp%2Fv2%2Fproduct_tag&post=1103"}],"curies":[{"name":"wp","href":"https:\/\/api.w.org\/{rel}","templated":true}]}}