{"id":1120,"date":"2025-07-08T17:13:47","date_gmt":"2025-07-08T23:13:47","guid":{"rendered":"https:\/\/mexaepicstore.webtotal.com.mx\/?post_type=product&#038;p=1120"},"modified":"2025-07-14T13:49:20","modified_gmt":"2025-07-14T19:49:20","slug":"stitch-poketz-con-cajita","status":"publish","type":"product","link":"https:\/\/mexaepicstore.webtotal.com.mx\/?product=stitch-poketz-con-cajita","title":{"rendered":"Stitch Poketz con Cajita"},"content":{"rendered":"<p data-start=\"105\" data-end=\"182\"><strong data-start=\"109\" data-end=\"176\">Stitch Poketz en Cajita \u2013 Tu Compa\u00f1ero de Bolsillo M\u00e1s Adorable<\/strong><\/p>\n<p data-start=\"184\" data-end=\"500\">\u00bfListo para descubrir la ternura que cabe en la palma de tu mano? Los <strong data-start=\"254\" data-end=\"281\">Stitch Poketz en Cajita<\/strong> son peque\u00f1os Stitch estilo Labubu que te robar\u00e1n el coraz\u00f3n desde el momento en que abras tu bolsita sorpresa. Cada uno viene cuidadosamente guardado en su cajita, esperando que lo adoptes y lo lleves a todas partes.<\/p>\n<p data-start=\"502\" data-end=\"784\">Puedes colgarlos en tu mochila, tu bolso, tus llaves o incluso en tu pantal\u00f3n\u2026 donde sea que vayas, tu Stitch Poketz te acompa\u00f1ar\u00e1 con su carita dulce y su encanto irresistible. Perfectos para coleccionar, intercambiar o regalar a alguien que ame la magia de Stitch tanto como t\u00fa.<\/p>\n<p data-start=\"786\" data-end=\"959\">Abrir tu cajita es toda una experiencia: la emoci\u00f3n de descubrir qu\u00e9 Stitch te toc\u00f3 es parte de la diversi\u00f3n. Y cuando lo saques de su bolsa sorpresa, no querr\u00e1s soltarlo.<\/p>\n<p data-start=\"961\" data-end=\"1095\" data-is-last-node=\"\" data-is-only-node=\"\"><strong data-start=\"964\" data-end=\"1054\">Atr\u00e9vete a empezar tu colecci\u00f3n y lleva contigo un pedacito de felicidad en miniatura.<\/strong><br data-start=\"1054\" data-end=\"1057\" \/><strong data-start=\"1060\" data-end=\"1095\" data-is-last-node=\"\">\u00a1Ad\u00f3ptalos antes de que vuelen!<\/strong><\/p>\n","protected":false},"excerpt":{"rendered":"<p data-start=\"105\" data-end=\"182\"><strong data-start=\"109\" data-end=\"176\">Stitch Poketz en Cajita \u2013 Tu Compa\u00f1ero de Bolsillo M\u00e1s Adorable<\/strong><\/p>\n<p data-start=\"184\" data-end=\"500\">\u00bfListo para descubrir la ternura que cabe en la palma de tu mano? Los <strong data-start=\"254\" data-end=\"281\">Stitch Poketz en Cajita<\/strong> son peque\u00f1os Stitch estilo Labubu que te robar\u00e1n el coraz\u00f3n desde el momento en que abras tu bolsita sorpresa. Cada uno viene cuidadosamente guardado en su cajita, esperando que lo adoptes y lo lleves a todas partes.<\/p>\n","protected":false},"featured_media":1121,"comment_status":"open","ping_status":"closed","template":"","meta":{"_glsr_average":0,"_glsr_ranking":0,"_glsr_reviews":0},"product_brand":[],"product_cat":[194],"product_tag":[198,196,199,197,195],"class_list":{"0":"post-1120","1":"product","2":"type-product","3":"status-publish","4":"has-post-thumbnail","6":"product_cat-poketz","7":"product_tag-labubu","8":"product_tag-stitch","9":"product_tag-stitch-con-cajita","10":"product_tag-stitch-labubu","11":"product_tag-stitch-poketz","13":"first","14":"instock","15":"sale","16":"shipping-taxable","17":"purchasable","18":"product-type-variable","19":"add-to-wishlist-after_add_to_cart"},"jetpack_sharing_enabled":true,"_links":{"self":[{"href":"https:\/\/mexaepicstore.webtotal.com.mx\/index.php?rest_route=\/wp\/v2\/product\/1120","targetHints":{"allow":["GET"]}}],"collection":[{"href":"https:\/\/mexaepicstore.webtotal.com.mx\/index.php?rest_route=\/wp\/v2\/product"}],"about":[{"href":"https:\/\/mexaepicstore.webtotal.com.mx\/index.php?rest_route=\/wp\/v2\/types\/product"}],"replies":[{"embeddable":true,"href":"https:\/\/mexaepicstore.webtotal.com.mx\/index.php?rest_route=%2Fwp%2Fv2%2Fcomments&post=1120"}],"wp:featuredmedia":[{"embeddable":true,"href":"https:\/\/mexaepicstore.webtotal.com.mx\/index.php?rest_route=\/wp\/v2\/media\/1121"}],"wp:attachment":[{"href":"https:\/\/mexaepicstore.webtotal.com.mx\/index.php?rest_route=%2Fwp%2Fv2%2Fmedia&parent=1120"}],"wp:term":[{"taxonomy":"product_brand","embeddable":true,"href":"https:\/\/mexaepicstore.webtotal.com.mx\/index.php?rest_route=%2Fwp%2Fv2%2Fproduct_brand&post=1120"},{"taxonomy":"product_cat","embeddable":true,"href":"https:\/\/mexaepicstore.webtotal.com.mx\/index.php?rest_route=%2Fwp%2Fv2%2Fproduct_cat&post=1120"},{"taxonomy":"product_tag","embeddable":true,"href":"https:\/\/mexaepicstore.webtotal.com.mx\/index.php?rest_route=%2Fwp%2Fv2%2Fproduct_tag&post=1120"}],"curies":[{"name":"wp","href":"https:\/\/api.w.org\/{rel}","templated":true}]}}