{"id":1212,"date":"2025-11-14T10:40:48","date_gmt":"2025-11-14T16:40:48","guid":{"rendered":"https:\/\/mexaepicstore.webtotal.com.mx\/?post_type=product&#038;p=1212"},"modified":"2025-11-19T13:07:19","modified_gmt":"2025-11-19T19:07:19","slug":"cdj-3000-x-alpha-theta","status":"publish","type":"product","link":"https:\/\/mexaepicstore.webtotal.com.mx\/?product=cdj-3000-x-alpha-theta","title":{"rendered":"CDJ 3000 X Alpha Theta"},"content":{"rendered":"<dl class=\"at-cdj_support_spec_body_tr\">\n<dt class=\"at-cdj_support_spec_body_th\">Software compatible<\/dt>\n<dd class=\"at-cdj_support_spec_body_td\">rekordbox para Mac\/Windows<br \/>\nrekordbox para iOS\/Android<br \/>\nSerato DJ Pro (Se necesita una licencia)<\/dd>\n<\/dl>\n<dl class=\"at-cdj_support_spec_body_tr\">\n<dt class=\"at-cdj_support_spec_body_th\">Compatibilidad de rekordbox<br \/>\nCloudDirectPlay<\/dt>\n<dd class=\"at-cdj_support_spec_body_td\">Dropbox<br \/>\nGoogle Drive<\/dd>\n<\/dl>\n<dl class=\"at-cdj_support_spec_body_tr\">\n<dt class=\"at-cdj_support_spec_body_th\">Servicios de streaming de m\u00fasica compatibles<\/dt>\n<dd class=\"at-cdj_support_spec_body_td\">Beatport Streaming<br \/>\nTIDAL<\/dd>\n<\/dl>\n<dl class=\"at-cdj_support_spec_body_tr\">\n<dt class=\"at-cdj_support_spec_body_th\">Soportes reproducibles<\/dt>\n<dd class=\"at-cdj_support_spec_body_td\">Unidad flash USB<br \/>\nSSD\/HDD USB<br \/>\nPC\/Mac (USB\/LAN)<br \/>\ndispositivos m\u00f3viles (iOS\/Android)<\/dd>\n<\/dl>\n<dl class=\"at-cdj_support_spec_body_tr\">\n<dt class=\"at-cdj_support_spec_body_th\">Conectividad<\/dt>\n<dd class=\"at-cdj_support_spec_body_td\">USB Type-A \u00d7 1 (para almacenamiento)<br \/>\nUSB Type-C \u00d7 2 (para almacenamiento\/conexi\u00f3n con PC)<br \/>\nPuerto LAN \u00d7 1 (PRO DJ LINK)<br \/>\nWi-Fi (IEEE802.11a\/b\/g\/n\/ac)<br \/>\nAcceso con NFC admitido<\/dd>\n<\/dl>\n<dl class=\"at-cdj_support_spec_body_tr\">\n<dt class=\"at-cdj_support_spec_body_th\">Biblioteca compatible<\/dt>\n<dd class=\"at-cdj_support_spec_body_td\">Device Library Plus<br \/>\n(las bibliotecas analizadas por rekordbox pueden exportarse y utilizarse con un USB)<\/dd>\n<\/dl>\n<dl class=\"at-cdj_support_spec_body_tr\">\n<dt class=\"at-cdj_support_spec_body_th\">Formatos USB compatibles<\/dt>\n<dd class=\"at-cdj_support_spec_body_td\">FAT16<br \/>\nFAT32<br \/>\nexFAT<br \/>\nHFS+<br \/>\n(* NTFS no admitido)<\/dd>\n<\/dl>\n<dl class=\"at-cdj_support_spec_body_tr\">\n<dt class=\"at-cdj_support_spec_body_th\">Formatos de audio admitidos<\/dt>\n<dd class=\"at-cdj_support_spec_body_td\">MP3<br \/>\nAAC<br \/>\nWAV<br \/>\nAIFF<br \/>\nFLAC<br \/>\nALAC<\/dd>\n<\/dl>\n<dl class=\"at-cdj_support_spec_body_tr\">\n<dt class=\"at-cdj_support_spec_body_th\">Terminales de salida<\/dt>\n<dd class=\"at-cdj_support_spec_body_td\">Anal\u00f3gico (RCA) \u00d7 1<br \/>\nDigital (Coaxial) \u00d7 1<\/dd>\n<\/dl>\n<dl class=\"at-cdj_support_spec_body_tr\">\n<dt class=\"at-cdj_support_spec_body_th\">Prestaciones de audio<\/dt>\n<dd class=\"at-cdj_support_spec_body_td\">Respuesta de frecuencia: 4 Hz\u201340 kHz<br \/>\nRelaci\u00f3n se\u00f1al-ruido: 115 dB<br \/>\nDistorsi\u00f3n arm\u00f3nica total: 0,0018%<\/dd>\n<\/dl>\n<dl class=\"at-cdj_support_spec_body_tr\">\n<dt class=\"at-cdj_support_spec_body_th\">Pantalla<\/dt>\n<dd class=\"at-cdj_support_spec_body_td\">Pantalla t\u00e1ctil capacitiva a todo color de 10,1 pulgadas<\/dd>\n<\/dl>\n<dl class=\"at-cdj_support_spec_body_tr\">\n<dt class=\"at-cdj_support_spec_body_th\">Dimensiones<\/dt>\n<dd class=\"at-cdj_support_spec_body_td\">344,6 \u00d7 490,4 \u00d7 130,1 mm (an. \u00d7 pr. \u00d7 al.)<\/dd>\n<\/dl>\n<dl class=\"at-cdj_support_spec_body_tr\">\n<dt class=\"at-cdj_support_spec_body_th\">Peso<\/dt>\n<dd class=\"at-cdj_support_spec_body_td\">6,0 kg<\/dd>\n<\/dl>\n<dl class=\"at-cdj_support_spec_body_tr\">\n<dt class=\"at-cdj_support_spec_body_th\">Alimentaci\u00f3n<\/dt>\n<dd class=\"at-cdj_support_spec_body_td\">100\u2013240 V CA<br \/>\n50\/60 Hz<\/dd>\n<\/dl>\n<dl class=\"at-cdj_support_spec_body_tr\">\n<dt class=\"at-cdj_support_spec_body_th\">Accesorios<\/dt>\n<dd class=\"at-cdj_support_spec_body_td\">Cable de alimentaci\u00f3n<br \/>\nCables de audio (anal\u00f3gico\/digital)<br \/>\nCable LAN<br \/>\nGu\u00eda de inicio r\u00e1pido<br \/>\nPrecauciones de seguridad<br \/>\nGarant\u00eda (para algunas regiones)<\/dd>\n<\/dl>\n","protected":false},"excerpt":{"rendered":"<p>La AlphaTheta CDJ-3000X es la evoluci\u00f3n ideal para quienes viven en la cabina. Mantiene el flujo del CDJ-3000 pero a\u00f1ade una pantalla t\u00e1ctil de 10.1&#8243;, acceso a la nube, Wi-Fi, NFC y USB-C para tener tu m\u00fasica siempre lista. Su cach\u00e9 de pistas evita cortes, el DAC ESS mejora el sonido y los nuevos controles hacen que todo se sienta m\u00e1s s\u00f3lido, r\u00e1pido y preciso.<\/p>\n","protected":false},"featured_media":1219,"comment_status":"open","ping_status":"closed","template":"","meta":{"_glsr_average":0,"_glsr_ranking":0,"_glsr_reviews":0},"product_brand":[],"product_cat":[201],"product_tag":[205,204,208,202,203,207,206],"class_list":{"0":"post-1212","1":"product","2":"type-product","3":"status-publish","4":"has-post-thumbnail","6":"product_cat-equipo-para-dj","7":"product_tag-alpha-theta","8":"product_tag-alpha-theta-cdj-3000-x","9":"product_tag-cdj","10":"product_tag-cdj-3000","11":"product_tag-cdj-3000-x","12":"product_tag-pioneer-cdj-3000","13":"product_tag-pioneer-dj","15":"first","16":"instock","17":"sale","18":"shipping-taxable","19":"purchasable","20":"product-type-simple","21":"add-to-wishlist-after_add_to_cart"},"jetpack_sharing_enabled":true,"_links":{"self":[{"href":"https:\/\/mexaepicstore.webtotal.com.mx\/index.php?rest_route=\/wp\/v2\/product\/1212","targetHints":{"allow":["GET"]}}],"collection":[{"href":"https:\/\/mexaepicstore.webtotal.com.mx\/index.php?rest_route=\/wp\/v2\/product"}],"about":[{"href":"https:\/\/mexaepicstore.webtotal.com.mx\/index.php?rest_route=\/wp\/v2\/types\/product"}],"replies":[{"embeddable":true,"href":"https:\/\/mexaepicstore.webtotal.com.mx\/index.php?rest_route=%2Fwp%2Fv2%2Fcomments&post=1212"}],"wp:featuredmedia":[{"embeddable":true,"href":"https:\/\/mexaepicstore.webtotal.com.mx\/index.php?rest_route=\/wp\/v2\/media\/1219"}],"wp:attachment":[{"href":"https:\/\/mexaepicstore.webtotal.com.mx\/index.php?rest_route=%2Fwp%2Fv2%2Fmedia&parent=1212"}],"wp:term":[{"taxonomy":"product_brand","embeddable":true,"href":"https:\/\/mexaepicstore.webtotal.com.mx\/index.php?rest_route=%2Fwp%2Fv2%2Fproduct_brand&post=1212"},{"taxonomy":"product_cat","embeddable":true,"href":"https:\/\/mexaepicstore.webtotal.com.mx\/index.php?rest_route=%2Fwp%2Fv2%2Fproduct_cat&post=1212"},{"taxonomy":"product_tag","embeddable":true,"href":"https:\/\/mexaepicstore.webtotal.com.mx\/index.php?rest_route=%2Fwp%2Fv2%2Fproduct_tag&post=1212"}],"curies":[{"name":"wp","href":"https:\/\/api.w.org\/{rel}","templated":true}]}}