{"id":1233,"date":"2025-11-18T22:10:03","date_gmt":"2025-11-19T04:10:03","guid":{"rendered":"https:\/\/mexaepicstore.webtotal.com.mx\/?post_type=product&#038;p=1233"},"modified":"2025-11-19T13:03:49","modified_gmt":"2025-11-19T19:03:49","slug":"pioneer-ddj-flx10-w","status":"publish","type":"product","link":"https:\/\/mexaepicstore.webtotal.com.mx\/?product=pioneer-ddj-flx10-w","title":{"rendered":"Pioneer DDJ FLX10 W"},"content":{"rendered":"<p data-start=\"141\" data-end=\"271\"><strong data-start=\"141\" data-end=\"181\">AISLAMIENTO DE PARTES Y PARTE ACTIVA<\/strong><br data-start=\"181\" data-end=\"184\" \/>Ajusta individualmente el volumen de las voces, la bater\u00eda o sil\u00e9ncialos completamente.<\/p>\n<p data-start=\"273\" data-end=\"362\"><strong data-start=\"273\" data-end=\"304\">SELECCI\u00d3N DE PARTES PARA FX<\/strong><br data-start=\"304\" data-end=\"307\" \/>Elige a qu\u00e9 partes de una pista deseas aplicar efectos.<\/p>\n<p data-start=\"364\" data-end=\"495\"><strong data-start=\"364\" data-end=\"397\">DOBLES INSTANT\u00c1NEOS PARCIALES<\/strong><br data-start=\"397\" data-end=\"400\" \/>A\u00edsla una parte espec\u00edfica de la pista (voz, bater\u00eda o instrumento) y transfi\u00e9rela a otro deck.<\/p>\n<p data-start=\"497\" data-end=\"814\"><strong data-start=\"497\" data-end=\"530\">Visualizaci\u00f3n ampliada en Jog<\/strong><br data-start=\"530\" data-end=\"533\" \/>Personaliza la informaci\u00f3n que ves en los jogs para que no tengas que apartar la vista de los decks. Elige entre 4 modos, algunos con formas de onda de 3 bandas (solo rekordbox), y mant\u00e9n siempre visible la posici\u00f3n vocal Mix Point Link, formas de onda y estado de Performance Pad.<\/p>\n<p data-start=\"816\" data-end=\"962\"><strong data-start=\"816\" data-end=\"848\">MODO DE INFORMACI\u00d3N DEL DECK<\/strong><br data-start=\"848\" data-end=\"851\" \/>Muestra la informaci\u00f3n del deck, incluida la forma de onda general. (En Serato DJ Pro muestra el deck virtual).<\/p>\n<p data-start=\"964\" data-end=\"1043\"><strong data-start=\"964\" data-end=\"990\">MODO FORMA DE WAVEFORM<\/strong><br data-start=\"990\" data-end=\"993\" \/>Muestra las formas de onda ampliadas para 2 decks.<\/p>\n<p data-start=\"1045\" data-end=\"1134\"><strong data-start=\"1045\" data-end=\"1079\">VISUALIZACI\u00d3N DE ILUSTRACIONES<\/strong><br data-start=\"1079\" data-end=\"1082\" \/>Muestra la ilustraci\u00f3n de la pista que est\u00e1 sonando.<\/p>\n<p data-start=\"1136\" data-end=\"1264\"><strong data-start=\"1136\" data-end=\"1163\">PANTALLA DE LOGOTIPO DJ<\/strong><br data-start=\"1163\" data-end=\"1166\" \/>Muestra tu logotipo o imagen favorita despu\u00e9s de usar la herramienta de transferencia para PC\/Mac.<\/p>\n<p data-start=\"1266\" data-end=\"1550\"><strong data-start=\"1266\" data-end=\"1318\">Nuevo Mix Point Link para transiciones perfectas<\/strong><br data-start=\"1318\" data-end=\"1321\" \/>Vincula puntos de mezcla para que la siguiente pista entre exactamente cuando termina el momento clave de la actual. Progresiones impecables sin contar beats ni presionar play, dejando tus manos libres para efectos y creatividad.<\/p>\n<p data-start=\"1552\" data-end=\"1766\"><strong data-start=\"1552\" data-end=\"1601\">Salida DMX para Funci\u00f3n Lighting de rekordbox<\/strong><br data-start=\"1601\" data-end=\"1604\" \/>Controla luces DMX sin interfaz externa. Solo conecta tu equipo DMX y deja que rekordbox adapte el color y movimiento seg\u00fan la m\u00fasica o crea tus propios patrones.<\/p>\n<p data-start=\"1768\" data-end=\"1960\"><strong data-start=\"1768\" data-end=\"1819\">Sistema de 4 sensores MAGVEL FADER evolucionado<\/strong><br data-start=\"1819\" data-end=\"1822\" \/>M\u00e1s precisi\u00f3n que nunca gracias a su sistema de 4 sensores, permitiendo ajustes ultrafinos incluso con movimientos m\u00ednimos del crossfader.<\/p>\n<p data-start=\"1962\" data-end=\"2131\"><strong data-start=\"1962\" data-end=\"2010\">Compatibilidad con rekordbox y Serato DJ Pro<\/strong><br data-start=\"2010\" data-end=\"2013\" \/>Plug-and-play con ambos softwares. DVS disponible mediante suscripciones en rekordbox o expansiones pagadas en Serato.<\/p>\n<p data-start=\"2133\" data-end=\"2246\"><strong data-start=\"2133\" data-end=\"2159\">Aro del jog multicolor<\/strong><br data-start=\"2159\" data-end=\"2162\" \/>Personaliza colores o \u00fasalo para identificar partes de la pista en Track Separation.<\/p>\n<hr data-start=\"2248\" data-end=\"2251\" \/>\n<p data-start=\"2253\" data-end=\"2278\"><strong data-start=\"2253\" data-end=\"2278\">Funciones principales<\/strong><\/p>\n<p data-start=\"2280\" data-end=\"2333\"><strong data-start=\"2280\" data-end=\"2303\">Software compatible<\/strong><br data-start=\"2303\" data-end=\"2306\" \/>rekordbox<br data-start=\"2315\" data-end=\"2318\" \/>Serato DJ Pro<\/p>\n<p data-start=\"2335\" data-end=\"2417\"><strong data-start=\"2335\" data-end=\"2354\">Control Scratch<\/strong><br data-start=\"2354\" data-end=\"2357\" \/>rekordbox (plan Core o superior)<br data-start=\"2389\" data-end=\"2392\" \/>Serato DVS (Paid upgrade)<\/p>\n<p data-start=\"2419\" data-end=\"2509\"><strong data-start=\"2419\" data-end=\"2450\">Requerimientos del Software<\/strong><br data-start=\"2450\" data-end=\"2453\" \/>Visita serato.com y rekordbox.com para especificaciones.<\/p>\n<p data-start=\"2511\" data-end=\"2730\"><strong data-start=\"2511\" data-end=\"2535\">Contenido de la caja<\/strong><br data-start=\"2535\" data-end=\"2538\" \/>DDJ-FLX10<br data-start=\"2547\" data-end=\"2550\" \/>Cable de alimentaci\u00f3n<br data-start=\"2571\" data-end=\"2574\" \/>Adaptador de corriente<br data-start=\"2596\" data-end=\"2599\" \/>Cable USB tipo C<br data-start=\"2615\" data-end=\"2618\" \/>Cup\u00f3n Serato (Pitch \u2018n Time DJ)<br data-start=\"2649\" data-end=\"2652\" \/>Gu\u00eda de inicio r\u00e1pido<br data-start=\"2673\" data-end=\"2676\" \/>Precauciones de uso<br data-start=\"2695\" data-end=\"2698\" \/>Garant\u00eda (para algunas regiones)<\/p>\n<hr data-start=\"2732\" data-end=\"2735\" \/>\n<p data-start=\"2737\" data-end=\"2757\"><strong data-start=\"2737\" data-end=\"2757\">Especificaciones<\/strong><\/p>\n<p data-start=\"2759\" data-end=\"2800\"><strong data-start=\"2759\" data-end=\"2782\">Rango de frecuencia<\/strong><br data-start=\"2782\" data-end=\"2785\" \/>20 \u2013 20000 Hz<\/p>\n<p data-start=\"2802\" data-end=\"2822\"><strong data-start=\"2802\" data-end=\"2811\">Ancho<\/strong><br data-start=\"2811\" data-end=\"2814\" \/>716 mm<\/p>\n<p data-start=\"2824\" data-end=\"2844\"><strong data-start=\"2824\" data-end=\"2832\">Alto<\/strong><br data-start=\"2832\" data-end=\"2835\" \/>73.4 mm<\/p>\n<p data-start=\"2846\" data-end=\"2871\"><strong data-start=\"2846\" data-end=\"2858\">Profundo<\/strong><br data-start=\"2858\" data-end=\"2861\" \/>400.3 mm<\/p>\n<p data-start=\"2873\" data-end=\"2892\"><strong data-start=\"2873\" data-end=\"2881\">Peso<\/strong><br data-start=\"2881\" data-end=\"2884\" \/>6.7 kg<\/p>\n<p data-start=\"2894\" data-end=\"2937\"><strong data-start=\"2894\" data-end=\"2915\">Tarjeta de sonido<\/strong><br data-start=\"2915\" data-end=\"2918\" \/>24 bit \/ 44.1 kHz<\/p>\n<p data-start=\"2939\" data-end=\"2974\"><strong data-start=\"2939\" data-end=\"2963\">Relaci\u00f3n Se\u00f1al\/Ruido<\/strong><br data-start=\"2963\" data-end=\"2966\" \/>110 dB<\/p>\n<p data-start=\"2976\" data-end=\"3008\"><strong data-start=\"2976\" data-end=\"2990\">Distorsi\u00f3n<\/strong><br data-start=\"2990\" data-end=\"2993\" \/>&lt; 0.002 % (USB)<\/p>\n<p data-start=\"3010\" data-end=\"3052\"><strong data-start=\"3010\" data-end=\"3031\">Power Consumption<\/strong><br data-start=\"3031\" data-end=\"3034\" \/>DC 12 V, 3000 mA<\/p>\n<hr data-start=\"3054\" data-end=\"3057\" \/>\n<p data-start=\"3059\" data-end=\"3085\"><strong data-start=\"3059\" data-end=\"3085\">Control de rendimiento<\/strong><\/p>\n<p data-start=\"3087\" data-end=\"3104\"><strong data-start=\"3087\" data-end=\"3098\">Canales<\/strong><br data-start=\"3098\" data-end=\"3101\" \/>4<\/p>\n<p data-start=\"3106\" data-end=\"3132\"><strong data-start=\"3106\" data-end=\"3126\">Control de plato<\/strong><br data-start=\"3126\" data-end=\"3129\" \/>4<\/p>\n<p data-start=\"3134\" data-end=\"3179\"><strong data-start=\"3134\" data-end=\"3168\">Jog Wheel (Maximum Dimensions)<\/strong><br data-start=\"3168\" data-end=\"3171\" \/>206 mm<\/p>\n<p data-start=\"3181\" data-end=\"3354\"><strong data-start=\"3181\" data-end=\"3192\">Beat FX<\/strong><br data-start=\"3192\" data-end=\"3195\" \/>LOW CUT ECHO<br data-start=\"3207\" data-end=\"3210\" \/>Echo<br data-start=\"3214\" data-end=\"3217\" \/>Multi Tap Delay<br data-start=\"3232\" data-end=\"3235\" \/>Spiral<br data-start=\"3241\" data-end=\"3244\" \/>Reverb<br data-start=\"3250\" data-end=\"3253\" \/>Trans<br data-start=\"3258\" data-end=\"3261\" \/>ENIGMA JET<br data-start=\"3271\" data-end=\"3274\" \/>Flanger<br data-start=\"3281\" data-end=\"3284\" \/>Phaser<br data-start=\"3290\" data-end=\"3293\" \/>Stretch<br data-start=\"3300\" data-end=\"3303\" \/>Slip Roll<br data-start=\"3312\" data-end=\"3315\" \/>Roll<br data-start=\"3319\" data-end=\"3322\" \/>MOBIUS (SAW)<br data-start=\"3334\" data-end=\"3337\" \/>MOBIUS (TRIANGLE)<\/p>\n<p data-start=\"3356\" data-end=\"3423\"><strong data-start=\"3356\" data-end=\"3369\">Colour FX<\/strong><br data-start=\"3369\" data-end=\"3372\" \/>Space<br data-start=\"3377\" data-end=\"3380\" \/>Dub Echo<br data-start=\"3388\" data-end=\"3391\" \/>Crush<br data-start=\"3396\" data-end=\"3399\" \/>Pitch<br data-start=\"3404\" data-end=\"3407\" \/>Noise<br data-start=\"3412\" data-end=\"3415\" \/>Filter<\/p>\n<p data-start=\"3425\" data-end=\"3459\"><strong data-start=\"3425\" data-end=\"3436\">Sampler<\/strong><br data-start=\"3436\" data-end=\"3439\" \/>16 slots \u00d7 4 banks<\/p>\n<p data-start=\"3461\" data-end=\"3480\"><strong data-start=\"3461\" data-end=\"3473\">Hot Cues<\/strong><br data-start=\"3473\" data-end=\"3476\" \/>16<\/p>\n<p data-start=\"3482\" data-end=\"3598\"><strong data-start=\"3482\" data-end=\"3507\">Pad Modes (rekordbox)<\/strong><br data-start=\"3507\" data-end=\"3510\" \/>Hot Cue<br data-start=\"3517\" data-end=\"3520\" \/>Pad FX 1<br data-start=\"3528\" data-end=\"3531\" \/>Beat Jump<br data-start=\"3540\" data-end=\"3543\" \/>Sampler<br data-start=\"3550\" data-end=\"3553\" \/>Keyboard<br data-start=\"3561\" data-end=\"3564\" \/>Pad FX 2<br data-start=\"3572\" data-end=\"3575\" \/>Beat Loop<br data-start=\"3584\" data-end=\"3587\" \/>Key Shift<\/p>\n<p data-start=\"3600\" data-end=\"3709\"><strong data-start=\"3600\" data-end=\"3622\">Pad Modes (Serato)<\/strong><br data-start=\"3622\" data-end=\"3625\" \/>Hot Cue<br data-start=\"3632\" data-end=\"3635\" \/>Pad FX<br data-start=\"3641\" data-end=\"3644\" \/>Beat Jump<br data-start=\"3653\" data-end=\"3656\" \/>Sampler<br data-start=\"3663\" data-end=\"3666\" \/>Pitch Play<br data-start=\"3676\" data-end=\"3679\" \/>Roll<br data-start=\"3683\" data-end=\"3686\" \/>Auto Loop<br data-start=\"3695\" data-end=\"3698\" \/>Key Shift<\/p>\n<hr data-start=\"3711\" data-end=\"3714\" \/>\n<p data-start=\"3716\" data-end=\"3730\"><strong data-start=\"3716\" data-end=\"3730\">Terminales<\/strong><\/p>\n<p data-start=\"3732\" data-end=\"3834\"><strong data-start=\"3732\" data-end=\"3744\">Entradas<\/strong><br data-start=\"3744\" data-end=\"3747\" \/>2 LINE (RCA)<br data-start=\"3759\" data-end=\"3762\" \/>2 PHONO\/LINE (RCA)<br data-start=\"3780\" data-end=\"3783\" \/>1 MIC (XLR y Jack TRS 1\/4&#8243;)<br data-start=\"3810\" data-end=\"3813\" \/>1 MIC (1\/4&#8243; TRS Jack)<\/p>\n<p data-start=\"3836\" data-end=\"3962\"><strong data-start=\"3836\" data-end=\"3847\">Salidas<\/strong><br data-start=\"3847\" data-end=\"3850\" \/>1 MASTER (XLR)<br data-start=\"3864\" data-end=\"3867\" \/>1 MASTER (RCA)<br data-start=\"3881\" data-end=\"3884\" \/>1 BOOTH (TRS 1\/4&#8243;)<br data-start=\"3902\" data-end=\"3905\" \/>1 PHONES (1\/4&#8243; Stereo Jack)<br data-start=\"3932\" data-end=\"3935\" \/>1 PHONES (3.5 mm Mini Jack)<\/p>\n<p data-start=\"3964\" data-end=\"3998\"><strong data-start=\"3964\" data-end=\"3971\">DMX<\/strong><br data-start=\"3971\" data-end=\"3974\" \/>1 conector XLR (3 pines)<\/p>\n<p data-start=\"4000\" data-end=\"4025\"><strong data-start=\"4000\" data-end=\"4007\">USB<\/strong><br data-start=\"4007\" data-end=\"4010\" \/>2 puertos USB-C<\/p>\n","protected":false},"excerpt":{"rendered":"<p>El DDJ-FLX10 es un controlador de 4 canales para rekordbox y Serato DJ Pro que lleva la creatividad a otro nivel. Su tecnolog\u00eda Track Separation te permite manipular voz, bater\u00eda e instrumentos por separado, creando mash-ups y remixes en vivo sin preparar nada antes. Con botones dedicados y codificados por color, siempre ves qu\u00e9 parte est\u00e1 sonando, lo que te da control total para sets m\u00e1s frescos, din\u00e1micos y con tu propio sello.<\/p>\n","protected":false},"featured_media":1234,"comment_status":"open","ping_status":"closed","template":"","meta":{"_glsr_average":0,"_glsr_ranking":0,"_glsr_reviews":0},"product_brand":[],"product_cat":[201],"product_tag":[214,223,225,226,224,206],"class_list":{"0":"post-1233","1":"product","2":"type-product","3":"status-publish","4":"has-post-thumbnail","6":"product_cat-equipo-para-dj","7":"product_tag-controlador-pioneer","8":"product_tag-ddj","9":"product_tag-ddj-flx10-w","10":"product_tag-ddj-flx10-white","11":"product_tag-pioneer-ddj-flx10","12":"product_tag-pioneer-dj","14":"first","15":"instock","16":"sale","17":"shipping-taxable","18":"purchasable","19":"product-type-simple","20":"add-to-wishlist-after_add_to_cart"},"jetpack_sharing_enabled":true,"_links":{"self":[{"href":"https:\/\/mexaepicstore.webtotal.com.mx\/index.php?rest_route=\/wp\/v2\/product\/1233","targetHints":{"allow":["GET"]}}],"collection":[{"href":"https:\/\/mexaepicstore.webtotal.com.mx\/index.php?rest_route=\/wp\/v2\/product"}],"about":[{"href":"https:\/\/mexaepicstore.webtotal.com.mx\/index.php?rest_route=\/wp\/v2\/types\/product"}],"replies":[{"embeddable":true,"href":"https:\/\/mexaepicstore.webtotal.com.mx\/index.php?rest_route=%2Fwp%2Fv2%2Fcomments&post=1233"}],"wp:featuredmedia":[{"embeddable":true,"href":"https:\/\/mexaepicstore.webtotal.com.mx\/index.php?rest_route=\/wp\/v2\/media\/1234"}],"wp:attachment":[{"href":"https:\/\/mexaepicstore.webtotal.com.mx\/index.php?rest_route=%2Fwp%2Fv2%2Fmedia&parent=1233"}],"wp:term":[{"taxonomy":"product_brand","embeddable":true,"href":"https:\/\/mexaepicstore.webtotal.com.mx\/index.php?rest_route=%2Fwp%2Fv2%2Fproduct_brand&post=1233"},{"taxonomy":"product_cat","embeddable":true,"href":"https:\/\/mexaepicstore.webtotal.com.mx\/index.php?rest_route=%2Fwp%2Fv2%2Fproduct_cat&post=1233"},{"taxonomy":"product_tag","embeddable":true,"href":"https:\/\/mexaepicstore.webtotal.com.mx\/index.php?rest_route=%2Fwp%2Fv2%2Fproduct_tag&post=1233"}],"curies":[{"name":"wp","href":"https:\/\/api.w.org\/{rel}","templated":true}]}}