{"id":1256,"date":"2025-11-19T21:03:24","date_gmt":"2025-11-20T03:03:24","guid":{"rendered":"https:\/\/mexaepicstore.webtotal.com.mx\/?post_type=product&#038;p=1256"},"modified":"2026-01-19T23:14:54","modified_gmt":"2026-01-20T05:14:54","slug":"hk-polar-12-mk2","status":"publish","type":"product","link":"https:\/\/mexaepicstore.webtotal.com.mx\/?product=hk-polar-12-mk2","title":{"rendered":"HK Polar 12-Mk2"},"content":{"rendered":"<p data-start=\"104\" data-end=\"150\"><strong data-start=\"104\" data-end=\"148\">Lo que tienes que saber de este producto<\/strong><\/p>\n<ul data-start=\"151\" data-end=\"247\">\n<li data-start=\"151\" data-end=\"168\">\n<p data-start=\"153\" data-end=\"168\">Voltaje: 127V<\/p>\n<\/li>\n<li data-start=\"169\" data-end=\"196\">\n<p data-start=\"171\" data-end=\"196\">Tipo de bocina: columna<\/p>\n<\/li>\n<li data-start=\"197\" data-end=\"223\">\n<p data-start=\"199\" data-end=\"223\">Conectividad Bluetooth<\/p>\n<\/li>\n<li data-start=\"224\" data-end=\"247\">\n<p data-start=\"226\" data-end=\"247\">Potencia total: 2kW<\/p>\n<\/li>\n<\/ul>\n<p data-start=\"249\" data-end=\"277\"><strong data-start=\"249\" data-end=\"275\">Sistema y construcci\u00f3n<\/strong><\/p>\n<ul data-start=\"278\" data-end=\"512\">\n<li data-start=\"278\" data-end=\"334\">\n<p data-start=\"280\" data-end=\"334\">El subwoofer integra toda la electr\u00f3nica del sistema<\/p>\n<\/li>\n<li data-start=\"335\" data-end=\"373\">\n<p data-start=\"337\" data-end=\"373\">Amplificador clase D biamplificado<\/p>\n<\/li>\n<li data-start=\"374\" data-end=\"424\">\n<p data-start=\"376\" data-end=\"424\">Conexi\u00f3n y ensamblaje sin cables entre m\u00f3dulos<\/p>\n<\/li>\n<li data-start=\"425\" data-end=\"495\">\n<p data-start=\"427\" data-end=\"495\">Materiales: subwoofer en madera contrachapada, columna en aluminio<\/p>\n<\/li>\n<li data-start=\"496\" data-end=\"512\">\n<p data-start=\"498\" data-end=\"512\">Color: negro<\/p>\n<\/li>\n<\/ul>\n<p data-start=\"514\" data-end=\"543\"><strong data-start=\"514\" data-end=\"541\">Componentes del sistema<\/strong><\/p>\n<ul data-start=\"544\" data-end=\"700\">\n<li data-start=\"544\" data-end=\"591\">\n<p data-start=\"546\" data-end=\"591\">Subwoofer autoamplificado: 1 altavoz de 12&#8243;<\/p>\n<\/li>\n<li data-start=\"592\" data-end=\"676\">\n<p data-start=\"594\" data-end=\"676\">Unidad de medios\/agudos pasiva: 6 altavoces de 3&#8243; + 1 driver de compresi\u00f3n de 1&#8243;<\/p>\n<\/li>\n<li data-start=\"677\" data-end=\"700\">\n<p data-start=\"679\" data-end=\"700\">Espaciador incluido<\/p>\n<\/li>\n<\/ul>\n<p data-start=\"702\" data-end=\"730\"><strong data-start=\"702\" data-end=\"728\">Potencia y rendimiento<\/strong><\/p>\n<ul data-start=\"731\" data-end=\"977\">\n<li data-start=\"731\" data-end=\"756\">\n<p data-start=\"733\" data-end=\"756\">500W RMS \/ 2000W pico<\/p>\n<\/li>\n<li data-start=\"757\" data-end=\"779\">\n<p data-start=\"759\" data-end=\"779\">SPL M\u00e1ximo: 130 dB<\/p>\n<\/li>\n<li data-start=\"780\" data-end=\"857\">\n<p data-start=\"782\" data-end=\"857\">Respuesta de frecuencia: 42 Hz \u2013 18 kHz (\u00b16 dB) \/ 35 Hz \u2013 20 kHz (\u00b110 dB)<\/p>\n<\/li>\n<li data-start=\"858\" data-end=\"887\">\n<p data-start=\"860\" data-end=\"887\">Cobertura: 120\u00b0 H x 30\u00b0 V<\/p>\n<\/li>\n<li data-start=\"888\" data-end=\"919\">\n<p data-start=\"890\" data-end=\"919\">Frecuencia de cruce: 180 Hz<\/p>\n<\/li>\n<li data-start=\"920\" data-end=\"958\">\n<p data-start=\"922\" data-end=\"958\">Frecuencia de muestreo DSP: 24 kHz<\/p>\n<\/li>\n<li data-start=\"959\" data-end=\"977\">\n<p data-start=\"961\" data-end=\"977\">Latencia: 2 ms<\/p>\n<\/li>\n<\/ul>\n<p data-start=\"979\" data-end=\"998\"><strong data-start=\"979\" data-end=\"996\">Funciones DSP<\/strong><\/p>\n<ul data-start=\"999\" data-end=\"1198\">\n<li data-start=\"999\" data-end=\"1028\">\n<p data-start=\"1001\" data-end=\"1028\">5 presets personalizables<\/p>\n<\/li>\n<li data-start=\"1029\" data-end=\"1038\">\n<p data-start=\"1031\" data-end=\"1038\">Delay<\/p>\n<\/li>\n<li data-start=\"1039\" data-end=\"1056\">\n<p data-start=\"1041\" data-end=\"1056\">LCD regulable<\/p>\n<\/li>\n<li data-start=\"1057\" data-end=\"1084\">\n<p data-start=\"1059\" data-end=\"1084\">Ecualizador de 3 bandas<\/p>\n<\/li>\n<li data-start=\"1085\" data-end=\"1117\">\n<p data-start=\"1087\" data-end=\"1117\">EQ de medios semiparam\u00e9trico<\/p>\n<\/li>\n<li data-start=\"1118\" data-end=\"1160\">\n<p data-start=\"1120\" data-end=\"1160\">Modos preestablecidos: M\u00fasica, Voz, DJ<\/p>\n<\/li>\n<li data-start=\"1161\" data-end=\"1198\">\n<p data-start=\"1163\" data-end=\"1198\">Protecci\u00f3n: limitador de pico\/RMS<\/p>\n<\/li>\n<\/ul>\n<p data-start=\"1200\" data-end=\"1215\"><strong data-start=\"1200\" data-end=\"1213\">Bluetooth<\/strong><\/p>\n<ul data-start=\"1216\" data-end=\"1258\">\n<li data-start=\"1216\" data-end=\"1258\">\n<p data-start=\"1218\" data-end=\"1258\">Versi\u00f3n 5.0 TWS (True Wireless Stereo)<\/p>\n<\/li>\n<\/ul>\n<p data-start=\"1260\" data-end=\"1276\"><strong data-start=\"1260\" data-end=\"1274\">Conexiones<\/strong><\/p>\n<ul data-start=\"1277\" data-end=\"1462\">\n<li data-start=\"1277\" data-end=\"1391\">\n<p data-start=\"1279\" data-end=\"1301\">Entradas anal\u00f3gicas:<\/p>\n<ul data-start=\"1304\" data-end=\"1391\">\n<li data-start=\"1304\" data-end=\"1339\">\n<p data-start=\"1306\" data-end=\"1339\">2 \u00d7 combo XLR\/TRS 1\/4&#8243; mic\/line<\/p>\n<\/li>\n<li data-start=\"1342\" data-end=\"1369\">\n<p data-start=\"1344\" data-end=\"1369\">1 \u00d7 TS 1\/4&#8243; instrumento<\/p>\n<\/li>\n<li data-start=\"1372\" data-end=\"1391\">\n<p data-start=\"1374\" data-end=\"1391\">1 \u00d7 RCA est\u00e9reo<\/p>\n<\/li>\n<\/ul>\n<\/li>\n<li data-start=\"1392\" data-end=\"1436\">\n<p data-start=\"1394\" data-end=\"1413\">Salida anal\u00f3gica:<\/p>\n<ul data-start=\"1416\" data-end=\"1436\">\n<li data-start=\"1416\" data-end=\"1436\">\n<p data-start=\"1418\" data-end=\"1436\">1 \u00d7 XLR (mezcla)<\/p>\n<\/li>\n<\/ul>\n<\/li>\n<li data-start=\"1437\" data-end=\"1462\">\n<p data-start=\"1439\" data-end=\"1462\">Alimentaci\u00f3n: 1 \u00d7 IEC<\/p>\n<\/li>\n<\/ul>\n<p data-start=\"1464\" data-end=\"1477\"><strong data-start=\"1464\" data-end=\"1475\">Medidas<\/strong><\/p>\n<ul data-start=\"1478\" data-end=\"1601\">\n<li data-start=\"1478\" data-end=\"1512\">\n<p data-start=\"1480\" data-end=\"1512\">Subwoofer: 37 \u00d7 61.8 \u00d7 47.8 cm<\/p>\n<\/li>\n<li data-start=\"1513\" data-end=\"1563\">\n<p data-start=\"1515\" data-end=\"1563\">Unidad de medios\/agudos: 10.7 \u00d7 82.7 \u00d7 12.8 cm<\/p>\n<\/li>\n<li data-start=\"1564\" data-end=\"1601\">\n<p data-start=\"1566\" data-end=\"1601\">Espaciador: 10.7 \u00d7 76.9 \u00d7 12.8 cm<\/p>\n<\/li>\n<\/ul>\n<p data-start=\"1603\" data-end=\"1613\"><strong data-start=\"1603\" data-end=\"1611\">Peso<\/strong><\/p>\n<ul data-start=\"1614\" data-end=\"1696\">\n<li data-start=\"1614\" data-end=\"1636\">\n<p data-start=\"1616\" data-end=\"1636\">Subwoofer: 20.9 kg<\/p>\n<\/li>\n<li data-start=\"1637\" data-end=\"1673\">\n<p data-start=\"1639\" data-end=\"1673\">Unidad de medios\/agudos: 4.75 kg<\/p>\n<\/li>\n<li data-start=\"1674\" data-end=\"1696\">\n<p data-start=\"1676\" data-end=\"1696\">Espaciador: 2.8 kg<\/p>\n<\/li>\n<\/ul>\n","protected":false},"excerpt":{"rendered":"<p>Sistema de columna <strong data-start=\"93\" data-end=\"119\">3 v\u00edas autoamplificado<\/strong> con sonido de alta resoluci\u00f3n, graves contundentes y dise\u00f1o elegante. Es modular, f\u00e1cil de transportar y perfecto para DJs, m\u00fasicos y presentadores. Incluye <strong data-start=\"277\" data-end=\"303\">mezclador de 4 canales<\/strong>, DSP de 24 bits, <strong data-start=\"321\" data-end=\"342\">Bluetooth 5.0 TWS<\/strong>, phantom power y USB-C. El subwoofer integra toda la electr\u00f3nica para un setup r\u00e1pido y profesional.<\/p>\n","protected":false},"featured_media":1257,"comment_status":"open","ping_status":"closed","template":"","meta":{"_glsr_average":0,"_glsr_ranking":0,"_glsr_reviews":0},"product_brand":[],"product_cat":[227,246],"product_tag":[240,245,243,241,244,242],"class_list":{"0":"post-1256","1":"product","2":"type-product","3":"status-publish","4":"has-post-thumbnail","6":"product_cat-equipo-de-audio","7":"product_cat-productos-nuevos","8":"product_tag-audio-hk","9":"product_tag-audio-polar","10":"product_tag-bajo-hk","11":"product_tag-hk-polar-12-mk2","12":"product_tag-medios-hk","13":"product_tag-polar-mk2","15":"first","16":"instock","17":"sale","18":"shipping-taxable","19":"purchasable","20":"product-type-simple","21":"add-to-wishlist-after_add_to_cart"},"jetpack_sharing_enabled":true,"_links":{"self":[{"href":"https:\/\/mexaepicstore.webtotal.com.mx\/index.php?rest_route=\/wp\/v2\/product\/1256","targetHints":{"allow":["GET"]}}],"collection":[{"href":"https:\/\/mexaepicstore.webtotal.com.mx\/index.php?rest_route=\/wp\/v2\/product"}],"about":[{"href":"https:\/\/mexaepicstore.webtotal.com.mx\/index.php?rest_route=\/wp\/v2\/types\/product"}],"replies":[{"embeddable":true,"href":"https:\/\/mexaepicstore.webtotal.com.mx\/index.php?rest_route=%2Fwp%2Fv2%2Fcomments&post=1256"}],"wp:featuredmedia":[{"embeddable":true,"href":"https:\/\/mexaepicstore.webtotal.com.mx\/index.php?rest_route=\/wp\/v2\/media\/1257"}],"wp:attachment":[{"href":"https:\/\/mexaepicstore.webtotal.com.mx\/index.php?rest_route=%2Fwp%2Fv2%2Fmedia&parent=1256"}],"wp:term":[{"taxonomy":"product_brand","embeddable":true,"href":"https:\/\/mexaepicstore.webtotal.com.mx\/index.php?rest_route=%2Fwp%2Fv2%2Fproduct_brand&post=1256"},{"taxonomy":"product_cat","embeddable":true,"href":"https:\/\/mexaepicstore.webtotal.com.mx\/index.php?rest_route=%2Fwp%2Fv2%2Fproduct_cat&post=1256"},{"taxonomy":"product_tag","embeddable":true,"href":"https:\/\/mexaepicstore.webtotal.com.mx\/index.php?rest_route=%2Fwp%2Fv2%2Fproduct_tag&post=1256"}],"curies":[{"name":"wp","href":"https:\/\/api.w.org\/{rel}","templated":true}]}}