{"id":683,"date":"2024-11-04T16:54:03","date_gmt":"2024-11-04T22:54:03","guid":{"rendered":"https:\/\/mexaepicstore.webtotal.com.mx\/?post_type=product&#038;p=683"},"modified":"2026-01-16T20:44:55","modified_gmt":"2026-01-17T02:44:55","slug":"consola-retro-r36s-juegos-n64-ps1-psp-nes-gameboy-y-mas","status":"publish","type":"product","link":"https:\/\/mexaepicstore.webtotal.com.mx\/?product=consola-retro-r36s-juegos-n64-ps1-psp-nes-gameboy-y-mas","title":{"rendered":"Consola Retro R36S &#8211; Juegos N64, PS1, PSP, NES, GAMEBOY y m\u00e1s"},"content":{"rendered":"<p>La consola port\u00e1til R36S se ha convertido r\u00e1pidamente en una de las favoritas de los entusiastas de los juegos retro. Gracias a su precio asequible, la amplia gama de sistemas compatibles y la vasta biblioteca de juegos precargados, ofrece a muchos jugadores un viaje nost\u00e1lgico al pasado. En este blog, profundizaremos en los detalles de la R36S, centr\u00e1ndonos en su biblioteca de juegos, emuladores y caracter\u00edsticas m\u00e1s destacadas.<\/p>\n<p><strong>Consolas Inclu\u00eddas:<\/strong><\/p>\n<p>El R36S suele venir precargado con una enorme biblioteca de juegos, que suele incluir hasta 15.000 t\u00edtulos. Aunque la lista exacta puede variar, aqu\u00ed tienes un resumen de lo que puedes esperar de algunos de los sistemas compatibles:<\/p>\n<p><strong>PS1<br \/>\nPSP<br \/>\nN64<br \/>\nNintendo DS<br \/>\nNES<br \/>\n<\/strong><strong>SNES<br \/>\n<\/strong><strong>Game Boy<br \/>\n<\/strong><strong>Game Boy Color<br \/>\n<\/strong><strong>Game Boy Advance<br \/>\n<\/strong><strong>Sega Genesis<br \/>\nArcade<br \/>\nY muchos m\u00e1s&#8230;<\/strong><\/p>\n<p><strong>Caracter\u00edsticas y prestaciones:<br \/>\n<\/strong><\/p>\n<p><strong>A\u00f1adir sus propios juegos:<\/strong><\/p>\n<p><strong>Una de las caracter\u00edsticas m\u00e1s destacadas del R36S es la posibilidad de a\u00f1adir tus propias ROMs de juegos. Esto se hace a trav\u00e9s de una tarjeta MicroSD. Los usuarios s\u00f3lo tienen que transferir los archivos ROM a las carpetas correspondientes de la consola en la tarjeta, y los juegos ser\u00e1n accesibles desde el men\u00fa principal.<\/strong><\/p>\n<p>Mostrar<\/p>\n<p>El R36S cuenta con una pantalla IPS de 3,5 pulgadas y 640\u00d7480 p\u00edxeles, conocida por sus colores vibrantes y su nitidez. Esto la convierte en una excelente opci\u00f3n tanto para juegos retro como para los ligeramente m\u00e1s nuevos.<\/p>\n<p>Duraci\u00f3n de la bater\u00eda:<\/p>\n<p>Equipado con una bater\u00eda extra\u00edble de 3500mAh, el R36S ofrece entre cinco y ocho horas de juego dependiendo de la demanda del juego. Esto lo convierte en un compa\u00f1ero fiable para largas sesiones de juego.<\/p>\n<p>Controla:<\/p>\n<p>La consola incluye un conjunto est\u00e1ndar de controles: Botones ABXY, un D-pad, dos sticks anal\u00f3gicos, botones de hombro (R1\/L1 y R2\/L2) y teclas de funci\u00f3n adicionales. En general, estos controles son bien recibidos y proporcionan una experiencia de juego c\u00f3moda.<\/p>\n<p>Sistema operativo:<\/p>\n<p>Al funcionar con ArkOS, el R36S es altamente personalizable. Los usuarios pueden actualizar a versiones m\u00e1s recientes del sistema operativo, cambiar a otras opciones de firmware personalizadas y ajustar la configuraci\u00f3n para RetroArch y otros emuladores.<\/p>\n<p>Conectividad:<\/p>\n<p>La consola tiene dos puertos USB-C y admite conectividad WiFi mediante un dongle USB-C. Sin embargo, algunos usuarios han informado de problemas ocasionales con la funcionalidad WiFi.<\/p>\n<p>Conclusi\u00f3n:<\/p>\n<p>El R36S es una opci\u00f3n vers\u00e1til y asequible para los entusiastas de los juegos retro. Con su amplia biblioteca de juegos precargados, su compatibilidad con una gran variedad de emuladores y su sistema operativo personalizable, ofrece una experiencia de juego rica y nost\u00e1lgica. Tanto si quieres revivir viejos favoritos como descubrir cl\u00e1sicos por primera vez, el R36S es una opci\u00f3n fant\u00e1stica.<\/p>\n","protected":false},"excerpt":{"rendered":"<p>El R36S suele venir precargado con una enorme biblioteca de juegos, que suele incluir hasta 15.000 t\u00edtulos, compatible con consolas como; NES. SNES, N64, GAMEBOY, GAMEBOY COLOR, SEGA GENESIS, PLAY STATION 1 y PSP.<\/p>\n","protected":false},"featured_media":684,"comment_status":"open","ping_status":"closed","template":"","meta":{"_glsr_average":0,"_glsr_ranking":0,"_glsr_reviews":0},"product_brand":[],"product_cat":[42],"product_tag":[55,54,45,49,48,47,59,44,58,57,43,60,52,46,53,62,51,61,56,50],"class_list":{"0":"post-683","1":"product","2":"type-product","3":"status-publish","4":"has-post-thumbnail","6":"product_cat-gamer","7":"product_tag-consola-arcade-portatil","8":"product_tag-consola-de-videojuegos-retro","9":"product_tag-consola-n64","10":"product_tag-consola-nes","11":"product_tag-consola-ps1","12":"product_tag-consola-psp","13":"product_tag-consola-psp-portatil","14":"product_tag-consola-r36s","15":"product_tag-consola-r36s-emulador","16":"product_tag-consola-retro-n64","17":"product_tag-consola-retro-portatil","18":"product_tag-consola-retro-ps1","19":"product_tag-consola-vintage","20":"product_tag-emulador-de-juegos","21":"product_tag-emulador-multijuegos","22":"product_tag-emulador-r36s","23":"product_tag-juegos-clasicos","24":"product_tag-juegos-clasicos-nes","25":"product_tag-juegos-retro-portatiles","26":"product_tag-sup-consola","28":"first","29":"instock","30":"sale","31":"purchasable","32":"product-type-variable","33":"add-to-wishlist-after_add_to_cart"},"jetpack_sharing_enabled":true,"_links":{"self":[{"href":"https:\/\/mexaepicstore.webtotal.com.mx\/index.php?rest_route=\/wp\/v2\/product\/683","targetHints":{"allow":["GET"]}}],"collection":[{"href":"https:\/\/mexaepicstore.webtotal.com.mx\/index.php?rest_route=\/wp\/v2\/product"}],"about":[{"href":"https:\/\/mexaepicstore.webtotal.com.mx\/index.php?rest_route=\/wp\/v2\/types\/product"}],"replies":[{"embeddable":true,"href":"https:\/\/mexaepicstore.webtotal.com.mx\/index.php?rest_route=%2Fwp%2Fv2%2Fcomments&post=683"}],"wp:featuredmedia":[{"embeddable":true,"href":"https:\/\/mexaepicstore.webtotal.com.mx\/index.php?rest_route=\/wp\/v2\/media\/684"}],"wp:attachment":[{"href":"https:\/\/mexaepicstore.webtotal.com.mx\/index.php?rest_route=%2Fwp%2Fv2%2Fmedia&parent=683"}],"wp:term":[{"taxonomy":"product_brand","embeddable":true,"href":"https:\/\/mexaepicstore.webtotal.com.mx\/index.php?rest_route=%2Fwp%2Fv2%2Fproduct_brand&post=683"},{"taxonomy":"product_cat","embeddable":true,"href":"https:\/\/mexaepicstore.webtotal.com.mx\/index.php?rest_route=%2Fwp%2Fv2%2Fproduct_cat&post=683"},{"taxonomy":"product_tag","embeddable":true,"href":"https:\/\/mexaepicstore.webtotal.com.mx\/index.php?rest_route=%2Fwp%2Fv2%2Fproduct_tag&post=683"}],"curies":[{"name":"wp","href":"https:\/\/api.w.org\/{rel}","templated":true}]}}