{"id":691,"date":"2024-11-04T18:05:48","date_gmt":"2024-11-05T00:05:48","guid":{"rendered":"https:\/\/mexaepicstore.webtotal.com.mx\/?post_type=product&#038;p=691"},"modified":"2024-12-03T11:44:29","modified_gmt":"2024-12-03T17:44:29","slug":"gamestick-4k-lite-15000-juegos-retro","status":"publish","type":"product","link":"https:\/\/mexaepicstore.webtotal.com.mx\/?product=gamestick-4k-lite-15000-juegos-retro","title":{"rendered":"Game Stick 4K Lite + 15,000 Juegos Retro"},"content":{"rendered":"<p><strong>\u00a1Revive la magia de los videojuegos cl\u00e1sicos con el Game Stick 4k Lite!<\/strong><\/p>\n<p>Experimenta el encanto de los juegos cl\u00e1sicos con GameStick 4K, la consola retro todo en uno que incluye m\u00e1s de 15,000 t\u00edtulos de NES, SNES, Sega Genesis, PlayStation y m\u00e1s. Disfruta de tus juegos favoritos en calidad 4K, con un dise\u00f1o compacto y f\u00e1cil de conectar. Perfecta para revivir momentos inolvidables o descubrir el mundo retro sin complicaciones, GameStick 4K es ideal para jugar en familia o en solitario.<\/p>\n<p><strong>Caracter\u00edsticas destacadas:<\/strong><\/p>\n<p>Resoluci\u00f3n: 4k HD<br \/>\nJoystick: 2 Controles Inal\u00e1mbricos<br \/>\nMemoria: 64GB<br \/>\nMas de 15.000 Juegos<br \/>\nConsolas Soportadas: PS1, ATARI, SNES, NES, MD, GBA, GBC, GB, MAME, CPS<br \/>\nPuedes guardar tus partidas en cualquier momento<br \/>\nPuedes eliminar y agregar juegos.<br \/>\nIdioma: Multiling\u00fce<br \/>\n<strong>Incluye<\/strong>:<\/p>\n<p>1 Game Stick 4k Lite<br \/>\n2 Controles Inalambricos<br \/>\n1 Cable de alimentaci\u00f3n para la consola<br \/>\n1 Adaptador HDMI.<br \/>\nManual de instrucciones<\/p>\n","protected":false},"excerpt":{"rendered":"<p>Experimenta el encanto de los juegos cl\u00e1sicos con GameStick 4K, la consola retro todo en uno que incluye m\u00e1s de 15,000 t\u00edtulos de NES, SNES, Sega Genesis, PlayStation y m\u00e1s. Disfruta de tus juegos favoritos en calidad 4K, con un dise\u00f1o compacto y f\u00e1cil de conectar. Perfecta para revivir momentos inolvidables o descubrir el mundo retro sin complicaciones, GameStick 4K es ideal para jugar en familia o en solitario.<\/p>\n","protected":false},"featured_media":692,"comment_status":"open","ping_status":"closed","template":"","meta":{"_glsr_average":0,"_glsr_ranking":0,"_glsr_reviews":0},"product_brand":[],"product_cat":[42],"product_tag":[72,75,79,70,65,66,68,67,64,69,63,76,77,51,73,78,71,74],"class_list":{"0":"post-691","1":"product","2":"type-product","3":"status-publish","4":"has-post-thumbnail","6":"product_cat-gamer","7":"product_tag-atari-retro","8":"product_tag-consola-md","9":"product_tag-consola-multijuegos","10":"product_tag-consola-portatil","11":"product_tag-consola-retro","12":"product_tag-consola-snes","13":"product_tag-consolas-vintage","14":"product_tag-emuladores-retro","15":"product_tag-game-stick-retro","16":"product_tag-gamestick","17":"product_tag-gamestick-4k","18":"product_tag-gba-emulador","19":"product_tag-gbc-juegos","20":"product_tag-juegos-clasicos","21":"product_tag-juegos-de-nes","22":"product_tag-mame-juegos","23":"product_tag-ps1-emulador","24":"product_tag-sega-genesis","26":"first","27":"instock","28":"sale","29":"shipping-taxable","30":"purchasable","31":"product-type-simple","32":"add-to-wishlist-after_add_to_cart"},"jetpack_sharing_enabled":true,"_links":{"self":[{"href":"https:\/\/mexaepicstore.webtotal.com.mx\/index.php?rest_route=\/wp\/v2\/product\/691","targetHints":{"allow":["GET"]}}],"collection":[{"href":"https:\/\/mexaepicstore.webtotal.com.mx\/index.php?rest_route=\/wp\/v2\/product"}],"about":[{"href":"https:\/\/mexaepicstore.webtotal.com.mx\/index.php?rest_route=\/wp\/v2\/types\/product"}],"replies":[{"embeddable":true,"href":"https:\/\/mexaepicstore.webtotal.com.mx\/index.php?rest_route=%2Fwp%2Fv2%2Fcomments&post=691"}],"wp:featuredmedia":[{"embeddable":true,"href":"https:\/\/mexaepicstore.webtotal.com.mx\/index.php?rest_route=\/wp\/v2\/media\/692"}],"wp:attachment":[{"href":"https:\/\/mexaepicstore.webtotal.com.mx\/index.php?rest_route=%2Fwp%2Fv2%2Fmedia&parent=691"}],"wp:term":[{"taxonomy":"product_brand","embeddable":true,"href":"https:\/\/mexaepicstore.webtotal.com.mx\/index.php?rest_route=%2Fwp%2Fv2%2Fproduct_brand&post=691"},{"taxonomy":"product_cat","embeddable":true,"href":"https:\/\/mexaepicstore.webtotal.com.mx\/index.php?rest_route=%2Fwp%2Fv2%2Fproduct_cat&post=691"},{"taxonomy":"product_tag","embeddable":true,"href":"https:\/\/mexaepicstore.webtotal.com.mx\/index.php?rest_route=%2Fwp%2Fv2%2Fproduct_tag&post=691"}],"curies":[{"name":"wp","href":"https:\/\/api.w.org\/{rel}","templated":true}]}}