{"id":863,"date":"2024-11-11T19:17:14","date_gmt":"2024-11-12T01:17:14","guid":{"rendered":"https:\/\/mexaepicstore.webtotal.com.mx\/?post_type=product&#038;p=863"},"modified":"2024-12-03T11:44:47","modified_gmt":"2024-12-03T17:44:47","slug":"game-stick-m15-4k-juegos-de-ps1","status":"publish","type":"product","link":"https:\/\/mexaepicstore.webtotal.com.mx\/?product=game-stick-m15-4k-juegos-de-ps1","title":{"rendered":"Game Stick M15 4K, Juegos de PS1"},"content":{"rendered":"<p><strong>Consolas compatibles<\/strong><\/p>\n<p>PS1<br \/>\nArcade Classics<br \/>\nFinal Burn Neo<br \/>\nMAME<br \/>\nAtari 2600, 5200 y 7800<br \/>\nNeoGeo Pocket Color<br \/>\nLynx<br \/>\nCapcom 1, 2 y 3<br \/>\nPC Engine<br \/>\nEntertainment System<br \/>\nNES<br \/>\nGameBoy, GameBoy Color, GameBoy Advance<br \/>\nSuper Famicom<br \/>\nSuper Nintendo<br \/>\nSega Genesis, Game Gear, Mega Drive<\/p>\n<p><strong>Caracter\u00edsticas principales<\/strong><\/p>\n<p>M\u00e1s de 20,000 juegos cl\u00e1sicos que te transportar\u00e1n a la nostalgia de tu infancia<br \/>\nCompatibilidad de controladores con soporte para mandos inal\u00e1mbricos y con cable, as\u00ed como para hasta cuatro jugadores en l\u00ednea<br \/>\nConexi\u00f3n r\u00e1pida Plug &amp; Play solo conecta el cable HDMI, inserta la tarjeta TF con los juegos y conecta la fuente de alimentaci\u00f3n, listo para jugar <em>(bater\u00edas no incluidas)<\/em><br \/>\nExperiencia de juego en 4K con salida HDMI en alta definici\u00f3n 4K (1080P), adaptable a televisores y monitores, brindando im\u00e1genes n\u00edtidas y una experiencia visual excepcional<br \/>\nConexi\u00f3n estable con adaptador USB inal\u00e1mbrico de 2,4 GHz que asegura baja latencia en tus partidas<br \/>\nPersonalizaci\u00f3n de juegos que te permite buscar, personalizar y descargar tus juegos favoritos directamente en la consola<\/p>\n<p><strong>Contenido del paquete<\/strong><\/p>\n<p>2 mandos inal\u00e1mbricos<br \/>\n1 Game Stick<br \/>\n1 receptor inal\u00e1mbrico<br \/>\n1 cable de alimentaci\u00f3n<br \/>\n1 cable HDMI de extensi\u00f3n<br \/>\n1 manual de usuario<\/p>\n<p><strong>Especificaciones t\u00e9cnicas<\/strong><\/p>\n<p>Modelo M15<br \/>\nIdiomas con soporte para varios idiomas<br \/>\nMemoria de 256MB<br \/>\nVoltaje de entrada de 5V\/1A\/2A<br \/>\nAlmacenamiento en tarjeta TF de 64GB con m\u00e1s de 20,000 juegos<br \/>\nControladores mandos inal\u00e1mbricos de 2,4 GHz<br \/>\nSalida HDMI 4K 1080P, 720P<br \/>\nProcesador Cortex-A7 de doble n\u00facleo hasta 1.0 GHz<br \/>\nPeso de 0.58 kg<br \/>\nDimensiones de 24 x 18 x 7.2 cm<\/p>\n<p><strong>Entretenimiento mejorado con 20,000 juegos integrados<\/strong><\/p>\n<p>Nuestra consola retro inal\u00e1mbrica para TV 4K incluye m\u00e1s de 20,000 juegos cl\u00e1sicos para revivir tus mejores recuerdos de la infancia, equipada con una tarjeta de 64GB que permite buscar juegos, guardar y retomar partidas, y descargar nuevos t\u00edtulos para revivir tus videojuegos favoritos sin la necesidad de cartuchos adicionales.<\/p>\n","protected":false},"excerpt":{"rendered":"<p>Nuestra consola retro inal\u00e1mbrica para TV 4K incluye m\u00e1s de 20,000 juegos cl\u00e1sicos para revivir tus mejores recuerdos de la infancia, incluso juegos de la PS1, equipada con una tarjeta de 64GB que permite buscar juegos, guardar y retomar partidas, y descargar nuevos t\u00edtulos para revivir tus videojuegos favoritos sin la necesidad de cartuchos adicionales.<\/p>\n","protected":false},"featured_media":864,"comment_status":"open","ping_status":"closed","template":"","meta":{"_glsr_average":0,"_glsr_ranking":0,"_glsr_reviews":0},"product_brand":[],"product_cat":[42],"product_tag":[110,106,112,103,109,116,108,101,70,65,107,114,64,113,51,105,115,102,111,104],"class_list":{"0":"post-863","1":"product","2":"type-product","3":"status-publish","4":"has-post-thumbnail","6":"product_cat-gamer","7":"product_tag-consola-arcade","8":"product_tag-consola-de-tv","9":"product_tag-consola-familiar","10":"product_tag-consola-hdmi-4k","11":"product_tag-consola-inalambrica","12":"product_tag-consola-m15","13":"product_tag-consola-multijugador","14":"product_tag-consola-plug-and-play","15":"product_tag-consola-portatil","16":"product_tag-consola-retro","17":"product_tag-controles-inalambricos","18":"product_tag-experiencia-4k","19":"product_tag-game-stick-retro","20":"product_tag-juegos-arcade","21":"product_tag-juegos-clasicos","22":"product_tag-juegos-de-nostalgia","23":"product_tag-juegos-preinstalados","24":"product_tag-juegos-retro","25":"product_tag-retro-gaming","26":"product_tag-videojuegos-retro","28":"first","29":"instock","30":"sale","31":"shipping-taxable","32":"purchasable","33":"product-type-simple","34":"add-to-wishlist-after_add_to_cart"},"jetpack_sharing_enabled":true,"_links":{"self":[{"href":"https:\/\/mexaepicstore.webtotal.com.mx\/index.php?rest_route=\/wp\/v2\/product\/863","targetHints":{"allow":["GET"]}}],"collection":[{"href":"https:\/\/mexaepicstore.webtotal.com.mx\/index.php?rest_route=\/wp\/v2\/product"}],"about":[{"href":"https:\/\/mexaepicstore.webtotal.com.mx\/index.php?rest_route=\/wp\/v2\/types\/product"}],"replies":[{"embeddable":true,"href":"https:\/\/mexaepicstore.webtotal.com.mx\/index.php?rest_route=%2Fwp%2Fv2%2Fcomments&post=863"}],"wp:featuredmedia":[{"embeddable":true,"href":"https:\/\/mexaepicstore.webtotal.com.mx\/index.php?rest_route=\/wp\/v2\/media\/864"}],"wp:attachment":[{"href":"https:\/\/mexaepicstore.webtotal.com.mx\/index.php?rest_route=%2Fwp%2Fv2%2Fmedia&parent=863"}],"wp:term":[{"taxonomy":"product_brand","embeddable":true,"href":"https:\/\/mexaepicstore.webtotal.com.mx\/index.php?rest_route=%2Fwp%2Fv2%2Fproduct_brand&post=863"},{"taxonomy":"product_cat","embeddable":true,"href":"https:\/\/mexaepicstore.webtotal.com.mx\/index.php?rest_route=%2Fwp%2Fv2%2Fproduct_cat&post=863"},{"taxonomy":"product_tag","embeddable":true,"href":"https:\/\/mexaepicstore.webtotal.com.mx\/index.php?rest_route=%2Fwp%2Fv2%2Fproduct_tag&post=863"}],"curies":[{"name":"wp","href":"https:\/\/api.w.org\/{rel}","templated":true}]}}